{"id":132,"date":"2025-07-07T12:29:03","date_gmt":"2025-07-07T10:29:03","guid":{"rendered":"https:\/\/earlyintervention.at\/de\/?page_id=132"},"modified":"2025-08-07T23:36:47","modified_gmt":"2025-08-07T21:36:47","slug":"medizinische-angebote-fuer-patienten","status":"publish","type":"page","link":"https:\/\/earlyintervention.at\/de\/medizinische-angebote-fuer-patienten\/","title":{"rendered":"die beste Behandlung im Kompetenzzentrum Europas"},"content":{"rendered":"\n<div class=\"wp-block-group alignfull has-base-2-background-color has-background has-global-padding is-layout-constrained wp-container-core-group-is-layout-669513ed wp-block-group-is-layout-constrained\" style=\"margin-top:0;margin-bottom:0;padding-top:var(--wp--preset--spacing--50);padding-right:var(--wp--preset--spacing--50);padding-bottom:var(--wp--preset--spacing--50);padding-left:var(--wp--preset--spacing--50)\">\n<div class=\"wp-block-columns alignwide is-layout-flex wp-container-core-columns-is-layout-d0bbbce0 wp-block-columns-is-layout-flex\">\n<div class=\"wp-block-column is-layout-flow wp-container-core-column-is-layout-e3d1c41b wp-block-column-is-layout-flow\">\n<h3 class=\"wp-block-heading has-text-align-left is-style-asterisk has-body-font-family has-medium-font-size\" style=\"font-style:normal;font-weight:600\">medizinische Behandlung<\/h3>\n\n\n\n<p class=\"has-text-align-left\">umfangreiche Diagnose, neurop\u00e4diatrische und kinderorthop\u00e4dische Behandlung, Schmerztherapie.<\/p>\n<\/div>\n\n\n\n<div class=\"wp-block-column is-layout-flow wp-container-core-column-is-layout-e3d1c41b wp-block-column-is-layout-flow\">\n<h3 class=\"wp-block-heading has-text-align-left is-style-asterisk has-body-font-family has-medium-font-size\" style=\"font-style:normal;font-weight:600\">enge Zusammenarbeit<\/h3>\n\n\n\n<p class=\"has-text-align-left\">zwischen \u00c4rzten, Therapeuten und orthop\u00e4dischen Versorgern um die optimale Behandlung der Patienten sicherzustellen.<\/p>\n<\/div>\n\n\n\n<div class=\"wp-block-column is-layout-flow wp-container-core-column-is-layout-e3d1c41b wp-block-column-is-layout-flow\">\n<h3 class=\"wp-block-heading has-text-align-left is-style-asterisk has-body-font-family has-medium-font-size\" style=\"font-style:normal;font-weight:600\">Organisation<\/h3>\n\n\n\n<p class=\"has-text-align-left\">von Hilfsmitteln und notwendiger orthop\u00e4discher und neurochirurgischer Eingriffe in Partnerspit\u00e4lern<\/p>\n<\/div>\n<\/div>\n\n\n\n<div class=\"wp-block-columns alignwide is-layout-flex wp-container-core-columns-is-layout-d0bbbce0 wp-block-columns-is-layout-flex\">\n<div class=\"wp-block-column is-layout-flow wp-container-core-column-is-layout-e3d1c41b wp-block-column-is-layout-flow\">\n<h3 class=\"wp-block-heading has-text-align-left is-style-asterisk has-body-font-family has-medium-font-size\" style=\"font-style:normal;font-weight:600\">Therapie<\/h3>\n\n\n\n<p class=\"has-text-align-left\">individuelle therapeutische Behandlung, in Einzeltherapien mit erg\u00e4nzenden Gruppenangeboten und Sommer-Intensivcamps<\/p>\n<\/div>\n\n\n\n<div class=\"wp-block-column is-layout-flow wp-container-core-column-is-layout-e3d1c41b wp-block-column-is-layout-flow\">\n<h3 class=\"wp-block-heading has-text-align-left is-style-asterisk has-body-font-family has-medium-font-size\" style=\"font-style:normal;font-weight:600\">Begleitung der Patienten<\/h3>\n\n\n\n<p class=\"has-text-align-left\">intensive Begleitung der Patienten in den ersten 3 Jahren und dar\u00fcber hinaus bis zum 18. Lebensjahr. Planung der Aufenthalte und Kontrolle und \u00dcbergabe an den niedergelassenen Bereich.<\/p>\n<\/div>\n\n\n\n<div class=\"wp-block-column is-layout-flow wp-container-core-column-is-layout-e3d1c41b wp-block-column-is-layout-flow\">\n<h3 class=\"wp-block-heading has-text-align-left is-style-asterisk has-body-font-family has-medium-font-size\" style=\"font-style:normal;font-weight:600\">Kompetenzzentrum<\/h3>\n\n\n\n<p class=\"has-text-align-left\">Laufendes Screening internationaler Entwicklungen, Austausch mit Experten, Forschung und Fortbildungsangebote, Evaluieren und Implementieren neuer evidenzbasierenden Behandlungs- und Therapiemethoden.<\/p>\n<\/div>\n<\/div>\n\n\n\n<div class=\"wp-block-columns alignwide is-layout-flex wp-container-core-columns-is-layout-d0bbbce0 wp-block-columns-is-layout-flex\">\n<div class=\"wp-block-column is-layout-flow wp-container-core-column-is-layout-e3d1c41b wp-block-column-is-layout-flow\">\n<h3 class=\"wp-block-heading has-text-align-left is-style-asterisk has-body-font-family has-medium-font-size\" style=\"font-style:normal;font-weight:600\">Ausstattung<\/h3>\n\n\n\n<p class=\"has-text-align-left\">gut ausgestattete Therapier\u00e4ume, Ergo- und Di\u00e4tk\u00fcchen, ein Schwimmbad f\u00fcr Therapien im Wasser und inklusive Spielbereiche.<\/p>\n<\/div>\n\n\n\n<div class=\"wp-block-column is-layout-flow wp-container-core-column-is-layout-e3d1c41b wp-block-column-is-layout-flow\">\n<h3 class=\"wp-block-heading has-text-align-left is-style-asterisk has-body-font-family has-medium-font-size\" style=\"font-style:normal;font-weight:600\">Familienorientiert<\/h3>\n\n\n\n<p class=\"has-text-align-left\">Einzelbelegung im Familienzimmer, kindgerechte Atmosph\u00e4re, Integration der Geschwisterkinder, Spielbereiche, p\u00e4dagogische Betreuung und Heilst\u00e4ttenp\u00e4dagogik, Co-Working Bereich f\u00fcr Eltern<\/p>\n<\/div>\n\n\n\n<div class=\"wp-block-column is-layout-flow wp-container-core-column-is-layout-e3d1c41b wp-block-column-is-layout-flow\">\n<h3 class=\"wp-block-heading has-text-align-left is-style-asterisk has-body-font-family has-medium-font-size\" style=\"font-style:normal;font-weight:600\">Eltern als Partner <\/h3>\n\n\n\n<p class=\"has-text-align-left\">Early Intervention ist kein Sprint, es ist ein Staffelmarathon im Team. Eltern werden als wesentliche Partner in der Behandlung und Planung integriert. Erg\u00e4nzende soll eine Plattform f\u00fcr Eltern als Anlaufstelle f\u00fcr Tipps, Angebote und Unterst\u00fctzung und neue Erkenntnisse entstehen.<\/p>\n<\/div>\n<\/div>\n<\/div>\n\n\n\n<figure class=\"wp-block-image size-large\"><img loading=\"lazy\" decoding=\"async\" width=\"1024\" height=\"512\" src=\"https:\/\/earlyintervention.at\/de\/wp-content\/uploads\/2025\/08\/grundkonzept-grafik-1-1024x512.png\" alt=\"\" class=\"wp-image-530\" srcset=\"https:\/\/earlyintervention.at\/de\/wp-content\/uploads\/2025\/08\/grundkonzept-grafik-1-1024x512.png 1024w, https:\/\/earlyintervention.at\/de\/wp-content\/uploads\/2025\/08\/grundkonzept-grafik-1-300x150.png 300w, https:\/\/earlyintervention.at\/de\/wp-content\/uploads\/2025\/08\/grundkonzept-grafik-1-768x384.png 768w, https:\/\/earlyintervention.at\/de\/wp-content\/uploads\/2025\/08\/grundkonzept-grafik-1.png 1057w\" sizes=\"auto, (max-width: 1024px) 100vw, 1024px\" \/><\/figure>\n\n\n\n<div style=\"height:50px\" aria-hidden=\"true\" class=\"wp-block-spacer\"><\/div>\n\n\n\n<h2 class=\"wp-block-heading has-text-align-center\">medizinische Behandlung und Therapie an einem Ort!<\/h2>\n","protected":false},"excerpt":{"rendered":"<p>medizinische Behandlung umfangreiche Diagnose, neurop\u00e4diatrische und kinderorthop\u00e4dische Behandlung, Schmerztherapie. enge Zusammenarbeit zwischen \u00c4rzten, Therapeuten und orthop\u00e4dischen Versorgern um die optimale Behandlung der Patienten sicherzustellen. Organisation von Hilfsmitteln und notwendiger orthop\u00e4discher und neurochirurgischer Eingriffe in Partnerspit\u00e4lern Therapie individuelle therapeutische Behandlung, in Einzeltherapien mit erg\u00e4nzenden Gruppenangeboten und Sommer-Intensivcamps Begleitung der Patienten intensive Begleitung der Patienten in den [&hellip;]<\/p>\n","protected":false},"author":1,"featured_media":0,"parent":0,"menu_order":0,"comment_status":"closed","ping_status":"closed","template":"","meta":{"footnotes":""},"class_list":["post-132","page","type-page","status-publish","hentry"],"_links":{"self":[{"href":"https:\/\/earlyintervention.at\/de\/wp-json\/wp\/v2\/pages\/132","targetHints":{"allow":["GET"]}}],"collection":[{"href":"https:\/\/earlyintervention.at\/de\/wp-json\/wp\/v2\/pages"}],"about":[{"href":"https:\/\/earlyintervention.at\/de\/wp-json\/wp\/v2\/types\/page"}],"author":[{"embeddable":true,"href":"https:\/\/earlyintervention.at\/de\/wp-json\/wp\/v2\/users\/1"}],"replies":[{"embeddable":true,"href":"https:\/\/earlyintervention.at\/de\/wp-json\/wp\/v2\/comments?post=132"}],"version-history":[{"count":13,"href":"https:\/\/earlyintervention.at\/de\/wp-json\/wp\/v2\/pages\/132\/revisions"}],"predecessor-version":[{"id":532,"href":"https:\/\/earlyintervention.at\/de\/wp-json\/wp\/v2\/pages\/132\/revisions\/532"}],"wp:attachment":[{"href":"https:\/\/earlyintervention.at\/de\/wp-json\/wp\/v2\/media?parent=132"}],"curies":[{"name":"wp","href":"https:\/\/api.w.org\/{rel}","templated":true}]}}