{"id":143,"date":"2025-07-08T10:09:15","date_gmt":"2025-07-08T08:09:15","guid":{"rendered":"https:\/\/earlyintervention.at\/de\/?page_id=143"},"modified":"2025-07-09T20:23:07","modified_gmt":"2025-07-09T18:23:07","slug":"medizin-forschung-und-fortbildung-an-einem-standort","status":"publish","type":"page","link":"https:\/\/earlyintervention.at\/de\/medizin-forschung-und-fortbildung-an-einem-standort\/","title":{"rendered":"Medizin, Forschung und Fortbildung an einem Standort"},"content":{"rendered":"\n<div class=\"wp-block-group alignfull has-accent-2-background-color has-background has-global-padding is-layout-constrained wp-container-core-group-is-layout-669513ed wp-block-group-is-layout-constrained\" style=\"margin-top:0;margin-bottom:0;padding-top:var(--wp--preset--spacing--50);padding-right:var(--wp--preset--spacing--50);padding-bottom:var(--wp--preset--spacing--50);padding-left:var(--wp--preset--spacing--50)\">\n<div class=\"wp-block-columns alignwide is-layout-flex wp-container-core-columns-is-layout-28f84493 wp-block-columns-is-layout-flex\">\n<div class=\"wp-block-column is-layout-flow wp-block-column-is-layout-flow\">\n<figure class=\"wp-block-image size-large\"><img loading=\"lazy\" decoding=\"async\" width=\"1024\" height=\"385\" src=\"https:\/\/earlyintervention.at\/de\/wp-content\/uploads\/2025\/07\/4-Saeulen-2-1024x385.png\" alt=\"\" class=\"wp-image-182\" srcset=\"https:\/\/earlyintervention.at\/de\/wp-content\/uploads\/2025\/07\/4-Saeulen-2-1024x385.png 1024w, https:\/\/earlyintervention.at\/de\/wp-content\/uploads\/2025\/07\/4-Saeulen-2-300x113.png 300w, https:\/\/earlyintervention.at\/de\/wp-content\/uploads\/2025\/07\/4-Saeulen-2-768x289.png 768w, https:\/\/earlyintervention.at\/de\/wp-content\/uploads\/2025\/07\/4-Saeulen-2.png 1371w\" sizes=\"auto, (max-width: 1024px) 100vw, 1024px\" \/><\/figure>\n<\/div>\n<\/div>\n\n\n\n<p class=\"wp-container-content-9cfa9a5a\">Das Kompetenzzentrum soll auf 4 S\u00e4ulen basieren. Der Klinik, dem Therapiezentrum, dem Forschungsbereich und der Fortbildung. Alle Bereiche arbeiten zusammen und bilden in Summe Europas wichtigste Anlaufstelle im Bereich Neurop\u00e4diatrie.<\/p>\n\n\n\n<p class=\"wp-container-content-9cfa9a5a\">Um den Standort f\u00fcr medizinisches Personal langfristig attraktiv zu gestalten, ist es wichtig, ein offenes und familienfreundliches Betriebsklima sowie laufende interne Fortbildungsm\u00f6glichkeiten mit internationalen Kollegen zu gew\u00e4hrleisten. <\/p>\n\n\n\n<p class=\"wp-container-content-9cfa9a5a\">Forschung und Entwicklung sollen diesen \u201eOrt der Exzellenz\u201c f\u00fcr die n\u00e4chste Generation an Neurop\u00e4diaterinnen und Therapeutinnen attraktiv gestalten. Das Kompetenzzentrum versteht sich als Ort der auch f\u00fcr die Distribution von Wissen sorgt.<\/p>\n\n\n\n<p class=\"wp-container-content-9cfa9a5a\">Es soll es einen Betriebskindergarten und Freizeit Angebote f\u00fcr Kinder der Mitarbeiter im Sommer geben. Betriebswohnungen und Sportm\u00f6glichkeiten machen den Standort zus\u00e4tzlich attraktiv. <\/p>\n\n\n\n<p class=\"wp-container-content-9cfa9a5a\">Ein Nahversorger schafft Alternativen zur Kantine.<\/p>\n\n\n\n<p class=\"wp-container-content-9cfa9a5a\">Das Areal des Wei\u00dfen Hofes bietet ideale Bedingungen. <\/p>\n<\/div>\n\n\n\n<div class=\"wp-block-group alignfull has-base-background-color has-background has-global-padding is-layout-constrained wp-container-core-group-is-layout-d89aad35 wp-block-group-is-layout-constrained\" style=\"margin-top:0;margin-bottom:0;padding-top:var(--wp--preset--spacing--50);padding-right:var(--wp--preset--spacing--50);padding-bottom:var(--wp--preset--spacing--50);padding-left:var(--wp--preset--spacing--50)\">\n<div class=\"wp-block-columns alignwide is-layout-flex wp-container-core-columns-is-layout-549b0c86 wp-block-columns-is-layout-flex\">\n<div class=\"wp-block-column is-layout-flow wp-block-column-is-layout-flow\"><\/div>\n<\/div>\n<\/div>\n\n\n\n<div class=\"wp-block-group alignfull has-base-2-background-color has-background has-global-padding is-layout-constrained wp-container-core-group-is-layout-7cd14b77 wp-block-group-is-layout-constrained\" style=\"margin-top:0;margin-bottom:0;padding-top:var(--wp--preset--spacing--60);padding-right:var(--wp--preset--spacing--60);padding-bottom:var(--wp--preset--spacing--60);padding-left:var(--wp--preset--spacing--60)\">\n<div class=\"wp-block-group alignwide is-layout-flow wp-block-group-is-layout-flow\">\n<div style=\"height:var(--wp--preset--spacing--50)\" aria-hidden=\"true\" class=\"wp-block-spacer\"><\/div>\n\n\n\n<p class=\"has-text-align-center has-heading-font-family has-x-large-font-size\" style=\"font-style:normal;font-weight:400;line-height:1.2\">wer die Besten will, muss auch das Beste bieten<\/p>\n\n\n\n<div style=\"height:var(--wp--preset--spacing--50)\" aria-hidden=\"true\" class=\"wp-block-spacer\"><\/div>\n<\/div>\n<\/div>\n","protected":false},"excerpt":{"rendered":"<p>Das Kompetenzzentrum soll auf 4 S\u00e4ulen basieren. Der Klinik, dem Therapiezentrum, dem Forschungsbereich und der Fortbildung. Alle Bereiche arbeiten zusammen und bilden in Summe Europas wichtigste Anlaufstelle im Bereich Neurop\u00e4diatrie. Um den Standort f\u00fcr medizinisches Personal langfristig attraktiv zu gestalten, ist es wichtig, ein offenes und familienfreundliches Betriebsklima sowie laufende interne Fortbildungsm\u00f6glichkeiten mit internationalen Kollegen [&hellip;]<\/p>\n","protected":false},"author":1,"featured_media":0,"parent":0,"menu_order":0,"comment_status":"closed","ping_status":"closed","template":"","meta":{"footnotes":""},"class_list":["post-143","page","type-page","status-publish","hentry"],"_links":{"self":[{"href":"https:\/\/earlyintervention.at\/de\/wp-json\/wp\/v2\/pages\/143","targetHints":{"allow":["GET"]}}],"collection":[{"href":"https:\/\/earlyintervention.at\/de\/wp-json\/wp\/v2\/pages"}],"about":[{"href":"https:\/\/earlyintervention.at\/de\/wp-json\/wp\/v2\/types\/page"}],"author":[{"embeddable":true,"href":"https:\/\/earlyintervention.at\/de\/wp-json\/wp\/v2\/users\/1"}],"replies":[{"embeddable":true,"href":"https:\/\/earlyintervention.at\/de\/wp-json\/wp\/v2\/comments?post=143"}],"version-history":[{"count":6,"href":"https:\/\/earlyintervention.at\/de\/wp-json\/wp\/v2\/pages\/143\/revisions"}],"predecessor-version":[{"id":185,"href":"https:\/\/earlyintervention.at\/de\/wp-json\/wp\/v2\/pages\/143\/revisions\/185"}],"wp:attachment":[{"href":"https:\/\/earlyintervention.at\/de\/wp-json\/wp\/v2\/media?parent=143"}],"curies":[{"name":"wp","href":"https:\/\/api.w.org\/{rel}","templated":true}]}}