{"id":2,"date":"2025-04-23T13:34:09","date_gmt":"2025-04-23T11:34:09","guid":{"rendered":"https:\/\/earlyintervention.at\/de\/?page_id=2"},"modified":"2026-02-17T12:24:48","modified_gmt":"2026-02-17T11:24:48","slug":"beispiel-seite","status":"publish","type":"page","link":"https:\/\/earlyintervention.at\/de\/beispiel-seite\/","title":{"rendered":"Kliniken mit neurop\u00e4diatrischen Ambulanzen in \u00d6sterreich"},"content":{"rendered":"\n<blockquote class=\"wp-block-quote is-layout-flow wp-block-quote-is-layout-flow\">\n<p class=\"has-text-align-center\">Da stimmt doch was nicht&#8230;?<\/p>\n\n\n\n<p class=\"has-text-align-center\">fr\u00fch Klarheit schaffen &#8211; fr\u00fch helfen<\/p>\n<\/blockquote>\n\n\n\n<p>Neurop\u00e4diater &#8211; also Neurologen f\u00fcr Kinder &#8211; k\u00f6nnen Ihnen sehr schnell Aufschluss geben, wenn Sie Zweifel bez\u00fcglich der Entwicklung Ihres Kindes haben. Da Termine bei niedergelassenen \u00c4rzten oder in Ambulatorien meist nicht schnell verf\u00fcgbar sind, ist es ratsam, f\u00fcr eine rasche Diagnose eine Ambulanz in einem Krankenhaus aufzusuchen.<\/p>\n\n\n\n<p><\/p>\n\n\n\n<h2 class=\"wp-block-heading\">WIEN<\/h2>\n\n\n\n<ul class=\"wp-block-list\">\n<li><strong><a href=\"https:\/\/www.akhwien.at\/default.aspx?pid=631\">Universit\u00e4tsklinikum AKH<\/a> <\/strong>&#8211; Telefonische Terminvereinbarung erforderlich. Erreichbarkeit: MO bis DO von 08.00 bis 09.00 Uhr unter +43 1 40400-32580.<\/li>\n\n\n\n<li><a href=\"https:\/\/klinik-donaustadt.gesundheitsverbund.at\/leistung\/ambulanz-fuer-kinder-und-jugendheilkunde\/\"><strong>Klinik Donaustadt<\/strong><\/a> &#8211; Terminvereinbarung f\u00fcr alle Spezialambulanzen<br>Telefon +43 1 28802 4350<\/li>\n\n\n\n<li><a href=\"https:\/\/klinik-donaustadt.gesundheitsverbund.at\/leistung\/ambulanz-fuer-kinder-und-jugendheilkunde\/\"><strong>Klinik Favoriten<\/strong><\/a> &#8211; Telefonische Terminvereinbarung f\u00fcr alle Spezialambulanzen Montag bis Freitag 08.00 bis 13.00 Uhr<br>Telefonnummer: +43 1 60191 72856<\/li>\n\n\n\n<li><strong><a href=\"https:\/\/klinik-ottakring.gesundheitsverbund.at\/leistung\/kindernotfallambulanz\/\">Klinik Ottakring<\/a> <\/strong>&#8211; Neurop\u00e4diatrische Ambulanz mit Anfallsambulanz<br>Telefon: +43 1 49150 2935<br>Ambulanzzeiten: Montag, Mittwoch, Donnerstag und Freitag 08.00 bis 13.00 Uhr, Anmeldung: Nach telefonischer Terminvereinbarung Montag bis Freitag 08.00 bis 13.00 Uhr<br>Standort: Pavillon 21, EG<\/li>\n\n\n\n<li><a href=\"https:\/\/www.stanna.at\/eltern-und-angehorige\/ambulanzen-stationen-im-st-anna-kinderspital\/spezial-ambulanzen\/\"><strong>St. Anna Kinderspital<\/strong><\/a> &#8211; Ambulanz f\u00fcr Neurop\u00e4diatrie und Epileptologie, Telefonische Terminvereinbarung und Befundauskunft: Montag und Donnerstag 8:00 bis 14:00 Uhr unter 01\/40 170-2071<\/li>\n\n\n\n<li><a href=\"https:\/\/www.sjk-wien.at\/unser-angebot\/eltern-kind-zentrum\/kinderheilkunde-mit-neonatologie\/ambulanzen\/ambulante-leistungen\"><strong>St. Josef Krankenhaus<\/strong><\/a> &#8211; Termine in den Spezialambulanzen sind ausnahmslos&nbsp;mit Zuweisung durch einen Kinderfacharzt und nach&nbsp;telefonischer Vereinbarung (Mo &#8211; Fr 9 &#8211; 12.30 Uhr unter<br>T: +43 1 87844-1381)&nbsp;&nbsp;m\u00f6glich.<\/li>\n<\/ul>\n\n\n\n<p><a href=\"https:\/\/www.fsw.at\/downloads\/broschueren\/behinderung\/fruehe-unterstuetzungsangebote-2024-1.pdf\"><strong>Angebots\u00fcbersicht des Fonds Soziales Wien<\/strong><\/a><\/p>\n\n\n\n<p><\/p>\n\n\n\n<h2 class=\"wp-block-heading\">Nieder\u00f6sterreich<\/h2>\n\n\n\n<ul class=\"wp-block-list\">\n<li><a href=\"https:\/\/moedling.lknoe.at\/fuer-patienten\/ambulanzen\/kinder-und-jugendambulanz\/informationen-spezial\"><strong>Landesklinikum Baden-M\u00f6dling<\/strong><\/a> &#8211; Telefonische Terminvereinbarung f\u00fcr alle Kinder-Spezialambulanzen Montag bis Freitag 07:00 \u2013 11:00 Uhr<br>Tel: 02236\/9004-12330, Neurop\u00e4diatrie- und Epilepsieambulanz<br>Montag \u2013 Freitag 08:00 &#8211; 12:00 Uhr<\/li>\n\n\n\n<li><a href=\"https:\/\/amstetten.lknoe.at\/fuer-patienten\/ambulanzen\/kinder-und-jugend-ambulanz\/informationen\"><strong>Landesklinikum Amstetten<\/strong><\/a> &#8211; Allgemeine Ambulanz Montag bis Freitag:&nbsp;&nbsp;08:30 &#8211; 14:00 Uhr, Terminvereinbarung: <a href=\"tel:+437472\/900412176\">07472\/9004-12176<\/a>, Montag, Dienstag und Donnerstag von&nbsp;&nbsp;08:00 &#8211; 09:00 Uhr<\/li>\n\n\n\n<li><a href=\"https:\/\/mistelbach.lknoe.at\/fuer-patienten\/ambulanzen\/kinder-und-jugendambulanz\/informationen\"><strong>Landesklinikum Mistelbach-G\u00e4nserndorf<\/strong><\/a> &#8211; Terminvereinbarung von Montag bis Freitag jeweils von 12:00 bis 13:00 Uhr unter&nbsp;<a href=\"mailto:tel:00432572900423121\">02572 9004-23121<\/a><\/li>\n\n\n\n<li><a href=\"https:\/\/mistelbach.lknoe.at\/fuer-patienten\/ambulanzen\/kinder-und-jugendambulanz\/informationen\"><strong>Landesklinikum Wiener Neustadt<\/strong><\/a> &#8211;<strong> <\/strong>Allgemeine Ambulanz Haus D, Ebene 0, Ambulanzzeiten: von 08:00 &#8211; 14:00 Uhr, Tel.:&nbsp;<a href=\"tel:02622900412905\">02622\/9004-12905<\/a><\/li>\n\n\n\n<li><a href=\"https:\/\/zwettl.lknoe.at\/fuer-patienten\/abteilungen\/kinder-und-jugendheilkunde-mit-neonatologie\/informationen\"><strong>Landesklinikum Zwettl<\/strong><\/a> &#8211; Termin nach Vereinbarung unter Tel:&nbsp;<a href=\"tel:+432822900414320\">02822\/9004-14320<\/a>, Mo. &#8211; Fr. 08:30 &#8211; 12:00 Uhr<\/li>\n\n\n\n<li><a href=\"https:\/\/stpoelten.lknoe.at\/fuer-patienten\/klinische-abteilungen\/kinder-und-jugendheilkunde\/informationen\"><strong>Universit\u00e4tsklinikum St. P\u00f6lten <\/strong><\/a>&#8211; Entwicklungsneurologische Ambulanz, Eine Terminvereinbarung ist von Montag bis Donnerstag jeweils von 13-15 Uhr unter der&nbsp;Tel.:&nbsp;<a href=\"tel:+432742900411860\">02742\/9004-11860<\/a>&nbsp;&nbsp;m\u00f6glich, oder schicken Sie uns bitte Ihre \u00dcberweisung mit Angabe Ihrer Telefonnummer an&nbsp;<br><a href=\"mailto:termine-kja@stpoelten.lknoe.at\">termine-kja@stpoelten.lknoe.at<\/a><\/li>\n\n\n\n<li><strong><a href=\"https:\/\/tulln.lknoe.at\/fuer-patienten\/klinische-abteilungen\/kinder-und-jugendheilkunde\/informationen\">Universit\u00e4tsklinikum Tulln<\/a> <\/strong>&#8211; die Entwicklungsneurologische Ambulanz erreichen Sie per Email: <a href=\"mailto:Spezialambulanz.Kinder@tulln.lknoe.at\">Spezialambulanz.Kinder@tulln.lknoe.at<\/a>&nbsp;oder Sie k\u00f6nnen eine telefonische Nachricht unter&nbsp;<a href=\"tel:02272900413251\">Tel. 02272 \/ 9004 13251<\/a> hinterlassen.<\/li>\n<\/ul>\n\n\n\n<p><\/p>\n\n\n\n<h2 class=\"wp-block-heading\">Burgenland<\/h2>\n\n\n\n<ul class=\"wp-block-list\">\n<li><a href=\"https:\/\/www.barmherzige-brueder.at\/portal\/eisenstadt\/medizinpflege\/kinderundjugendheilkunde\/ambulanzen\"><strong>Krankenhaus Barmherzige Br\u00fcder Eisenstadt<\/strong><\/a> Ambulanz f\u00fcr Fr\u00fchgeborenen-  und Entwicklungsdiagnostik: Terminvereinbarungen per Email an&nbsp;<a href=\"mailto:kinder.sekretariat@bbeisen.at\">kinder.sekretariat@bbeisen.at<\/a>&nbsp; oder unter&nbsp;+43 2682 601 5510&nbsp;<\/li>\n\n\n\n<li><a href=\"https:\/\/www.gesundheit-burgenland.at\/oberwart\/leistungen\/abteilungen\/kinderheilkunde\/\"><strong>Klinik Oberwart<\/strong><\/a> &#8211; Online Terminvergabe auf der Webseite oder telefonisch unter&nbsp;<a href=\"tel:05797937170\">05 7979 37170<\/a><\/li>\n<\/ul>\n\n\n\n<p><\/p>\n\n\n\n<h2 class=\"wp-block-heading\">Steiermark<\/h2>\n\n\n\n<ul class=\"wp-block-list\">\n<li><strong><a href=\"https:\/\/www.lkh-hochsteiermark.at\/abteilungen\/abteilung-fuer-kinder-und-jugendheilkunde\">Landeskrankenhaus Hochsteiermark Leoben<\/a><\/strong> Neurop\u00e4diatrie nach Terminvereinbarung <a href=\"tel:+4338424013434\">+43 (3842) 401 3434<\/a><br>Entwicklungsdiagnostik und Fr\u00fchgeborenennachsorge nach Terminvereinbarung <a href=\"tel:+4338424013456\">+43 (3842) 401 3456<\/a>, <a href=\"tel:+4338424013461\">+43 (3842) 401 3461<\/a><\/li>\n<\/ul>\n\n\n\n<p><\/p>\n\n\n\n<h2 class=\"wp-block-heading\">K\u00e4rnten<\/h2>\n\n\n\n<ul class=\"wp-block-list\">\n<li><a href=\"https:\/\/kinderabteilung.lkh-vil.or.at\/unsere-abteilung\/medizinisches-angebot\/nervensystem\/\"><strong>Landeskrankenhaus Villach<\/strong><\/a> Terminvereinbarungen:<br>NEU Mo &#8211; Do&nbsp;von 12 &#8211; 14 Uhr unter 04242 208-62758 oder&nbsp;<a href=\"javascript:linkTo_UnCryptMailto('nbjmup+ufsnjoljoefs\/wjmmbdiAlbcfh\/bu');\">terminkinder.villach(at)kabeg.at<\/a><\/li>\n<\/ul>\n\n\n\n<p><\/p>\n\n\n\n<h2 class=\"wp-block-heading\">Ober\u00f6sterreich<\/h2>\n\n\n\n<ul class=\"wp-block-list\">\n<li><a href=\"https:\/\/www.kepleruniklinikum.at\/kliniken-einrichtungen\/kinder-und-jugendheilkunde\/schwerpunkte-und-leistungen\/\"><strong>Kepler Universit\u00e4tsklinikum Linz<\/strong><\/a> Terminvereinbarung: Montag&nbsp;bis Freitag von 08.00 Uhr&nbsp;bis&nbsp;15.00 Uhr&nbsp;T&nbsp;+43 (0)5 7680 84 &#8211; 24230 Ambulanzzeiten:  Donnerstag von 08.00 bis 12.00 Uhr, Dienstag von 08.00 bis&nbsp; 12.00 Uhr<\/li>\n\n\n\n<li><strong><a href=\"https:\/\/www.ordensklinikum.at\/de\/patienten\/abteilungen\/kinder-jugendheilkunde\/ambulanzen-1\/\">Ordensklinikum Linz Barmherzige Schwestern<\/a><\/strong> Ambulanz f\u00fcr Entwicklungsneurologie und Neurop\u00e4diatrie, Tel.: +43 732 7677 &#8211; 6252<\/li>\n\n\n\n<li><strong><a href=\"https:\/\/www.ordensklinikum.at\/de\/patienten\/abteilungen\/kinder-jugendheilkunde\/ambulanzen-1\/\">Krankenhaus Barmherzige Schwestern Ried<\/a><\/strong>&nbsp;Terminvereinbarung unter&nbsp;<a href=\"tel:077526021412\">07752 602-1412<\/a> (Montag bis Freitag von&nbsp;12&nbsp;bis 14 Uhr)<\/li>\n\n\n\n<li><a href=\"https:\/\/www.ooeg.at\/sk\/vb\/fachbereiche\/kinder-und-jugendheilkunde#ambulanzen\"><strong>Salzkammerklinikum V\u00f6cklabruck<\/strong><\/a> Terminvergabe<a href=\"tel:05055471-24842\"> 05 055471-24842<\/a><br>Mo-Do 08:00-11:30 Uhr und 13:00-14:00 Uhr<\/li>\n\n\n\n<li><a href=\"https:\/\/www.ooeg.at\/pek\/sr\/fachbereiche\/kinder-und-jugendheilkunde#ambulanzen\"><strong>Phyrn-Eisenwurzen Klinikum Steyr<\/strong><\/a> Neurop\u00e4diatrie Mi\/Do 08:30-12 Uhr nach telefonischer Terminvereinbarung unter&nbsp;<a href=\"tel:05055466-24830\">05 055466-24830<\/a><\/li>\n<\/ul>\n\n\n\n<h2 class=\"wp-block-heading\">Salzburg<\/h2>\n\n\n\n<ul class=\"wp-block-list\">\n<li><a href=\"https:\/\/salk.at\/4199.html\"><strong>Universit\u00e4tsklinikum Salzburg<\/strong><\/a>, Kinder- und Jugendheilkunde, M\u00fcllner Hauptstra\u00dfe 48, A-5020 Salzburg, Tel.:&nbsp;<a href=\"tel:+435725526222\">+43 (0) 5 7255 \u2013 26222<\/a>, Email:&nbsp;<a href=\"mailto:sekretariat-kinderklinik@salk.at\">sekretariat-kinderklinik@salk.at<\/a> mit dem dazugeh\u00f6rigen<\/li>\n\n\n\n<li><a href=\"https:\/\/salk.at\/16048.html\"><strong>Rehabilitationszentrum Rekiz<\/strong><\/a>: <a href=\"mailto:rekiz@salk.at\">rekiz@salk.at<\/a>,<\/li>\n<\/ul>\n\n\n\n<h2 class=\"wp-block-heading\">Tirol<\/h2>\n\n\n\n<ul class=\"wp-block-list\">\n<li><a href=\"https:\/\/www.bkh-reutte.at\/abteilungen\/bettenfuehrende-abteilungen\/kinderheilkunde-jugendmedizin-und-neonatologie\/kinderaerztliche-ordination\"><strong>Bezirkskrankenhaus Reutte<\/strong><\/a> &#8211; Kinder\u00e4rztliche Ordination, Haus der Kinder- und Jugendgesundheit, Krankenhausstra\u00dfe 31, 6600 Ehenbichl, Zufahrt \u00fcber Parkplatz 3 des BKH Reutte, Anmeldung f\u00fcr die Neurop\u00e4diatrische Sprechstunde: Tel: <a href=\"tel:435672601510\">+43 5672 601 510<\/a>, Mail: <a href=\"mailto:info@bkh-reutte.at\">info@bkh-reutte.at<\/a><\/li>\n\n\n\n<li><a href=\"https:\/\/www.khsj.at\/de\/abteilung-fuer-kinder-und-jugendheilkunde.html\"><strong>Bezirkskrankenhaus St. Johann in Tirol<\/strong><\/a>, Terminvereinbarungen, Mo bis Fr von 08:00 Uhr bis 12:00 Uhr unter&nbsp;<a href=\"tel: +435352606340\">+43 5352 \/ 606 &#8211; 340<\/a>.<\/li>\n\n\n\n<li><a href=\"https:\/\/kinderklinik.tirol-kliniken.at\/page.cfm?vpath=patientinnenbetreuung\/paediatrie-i\/neuropaediatrie-und-entwicklungsneurologie\"><strong>Universit\u00e4tsklinik f\u00fcr Kinder- und Jugendheilkunde Innsbruck<\/strong><\/a>, Terminvereinbarung, Montag &#8211; Freitag 08.00 &#8211; 12.00 Uhr, Tel.<strong>&nbsp;<\/strong>+43 (0)50504-23531, -23517<\/li>\n<\/ul>\n\n\n\n<h2 class=\"wp-block-heading\">Vorarlberg<\/h2>\n\n\n\n<ul class=\"wp-block-list\">\n<li><strong>Landeskrankenhaus Bregenz, Neurop\u00e4diatrie und Anfallsambulanz<\/strong><br>Mo bis Fr von 8:00 &#8211; 10:00 Uhr<br>Sprechstundenzeiten: Mo bis Fr von 8:00 &#8211; 16:00 Uhr<br>Anmeldung erforderlich<br>Ort: LKH-Bregenz, 3.Stock, EEG-Labor<br>Kontakt: T +43&nbsp;5574 \/ 401-2995<\/li>\n\n\n\n<li><strong><a href=\"https:\/\/www.landeskrankenhaus.at\/leistungsangebot\/fuer-patienten\/medizinische-fachbereiche\/lkh-feldkirch\/kinder-jugendheilkunde\/ambulanzen\">Landeskrankenhaus Feldkirch<\/a><\/strong>, <strong>Neurop\u00e4diatrie<\/strong><br>Di 8:30 bis 12:00 Uhr und 13:30 bis 15:30 Uhr<br>Termine nach Vereinbarung<br>Ambulanz Ost EG, Die Terminvereinbarung erfolgt nach Zuweisung \u00fcber das Sekretariat f\u00fcr Kinder- und Jugendheilkunde<br>T +43 5522 303 2900<\/li>\n<\/ul>\n\n\n\n<p><\/p>\n\n\n\n<p><\/p>\n\n\n\n<p><\/p>\n\n\n\n<p><\/p>\n","protected":false},"excerpt":{"rendered":"<p>Da stimmt doch was nicht&#8230;? fr\u00fch Klarheit schaffen &#8211; fr\u00fch helfen Neurop\u00e4diater &#8211; also Neurologen f\u00fcr Kinder &#8211; k\u00f6nnen Ihnen sehr schnell Aufschluss geben, wenn Sie Zweifel bez\u00fcglich der Entwicklung Ihres Kindes haben. Da Termine bei niedergelassenen \u00c4rzten oder in Ambulatorien meist nicht schnell verf\u00fcgbar sind, ist es ratsam, f\u00fcr eine rasche Diagnose eine Ambulanz [&hellip;]<\/p>\n","protected":false},"author":1,"featured_media":0,"parent":0,"menu_order":0,"comment_status":"closed","ping_status":"open","template":"","meta":{"footnotes":""},"class_list":["post-2","page","type-page","status-publish","hentry"],"_links":{"self":[{"href":"https:\/\/earlyintervention.at\/de\/wp-json\/wp\/v2\/pages\/2","targetHints":{"allow":["GET"]}}],"collection":[{"href":"https:\/\/earlyintervention.at\/de\/wp-json\/wp\/v2\/pages"}],"about":[{"href":"https:\/\/earlyintervention.at\/de\/wp-json\/wp\/v2\/types\/page"}],"author":[{"embeddable":true,"href":"https:\/\/earlyintervention.at\/de\/wp-json\/wp\/v2\/users\/1"}],"replies":[{"embeddable":true,"href":"https:\/\/earlyintervention.at\/de\/wp-json\/wp\/v2\/comments?post=2"}],"version-history":[{"count":15,"href":"https:\/\/earlyintervention.at\/de\/wp-json\/wp\/v2\/pages\/2\/revisions"}],"predecessor-version":[{"id":679,"href":"https:\/\/earlyintervention.at\/de\/wp-json\/wp\/v2\/pages\/2\/revisions\/679"}],"wp:attachment":[{"href":"https:\/\/earlyintervention.at\/de\/wp-json\/wp\/v2\/media?parent=2"}],"curies":[{"name":"wp","href":"https:\/\/api.w.org\/{rel}","templated":true}]}}