{"id":278,"date":"2025-07-22T23:50:00","date_gmt":"2025-07-22T21:50:00","guid":{"rendered":"https:\/\/earlyintervention.at\/de\/?page_id=278"},"modified":"2026-03-18T16:48:28","modified_gmt":"2026-03-18T15:48:28","slug":"wir-brauchen-einen-plan","status":"publish","type":"page","link":"https:\/\/earlyintervention.at\/de\/wir-brauchen-einen-plan\/","title":{"rendered":"Wir brauchen einen Plan!"},"content":{"rendered":"\n<p><strong><br><\/strong>Ist der erste Schock einmal verdaut, ist der n\u00e4chste Schritt sich mit der neuen Situation vertraut und einen Plan zu machen und ins Handeln zu kommen.<\/p>\n\n\n\n<div style=\"height:20px\" aria-hidden=\"true\" class=\"wp-block-spacer\"><\/div>\n\n\n\n<h4 class=\"wp-block-heading\"><strong><mark style=\"background-color:rgba(0, 0, 0, 0);color:#60aaac\" class=\"has-inline-color\">Early Intervention, die fr\u00fche und intensive Therapie, um die Neuroplastizit\u00e4t des kindlichen Gehirns noch voll auszun\u00fctzen, ist kein Sprint sondern ein Marathon, der \u00fcber mindestens 3 Jahre geht. Bereiten Sie sich darauf vor. Sie als Elternteil sind ein wichtiger Bestandteil des Therapieerfolges!<\/mark><\/strong><\/h4>\n\n\n\n<div style=\"height:20px\" aria-hidden=\"true\" class=\"wp-block-spacer\"><\/div>\n\n\n\n<p>Sie brauchen also eine <strong>Kinder\u00e4rztin oder Neurop\u00e4diaterin ihres Vertrauens<\/strong>. Diese soll Sie dabei unterst\u00fctzt, dass ihr Kind so rasch wie m\u00f6glich eine Rehabilitation erh\u00e4lt \u2013 in den ersten Lebensjahren <strong>idealerweise 2x pro Jahr, f\u00fcr 3-4 Wochen<\/strong> \u2013 und die mit Ihnen auch medizinische Interventionen evaluiert und plant. Dazwischen ben\u00f6tigen Sie <strong>Ergo- <\/strong>und <strong>Physio- <\/strong>und bei Bedarf<strong> Logop\u00e4die<\/strong> im heimatlichen Umfeld.<\/p>\n\n\n\n<p>Besprechen Sie bei ihren Arzt-Kontrollbesuchen immer genau welche Untersuchungen laut Leitlinie wann und wie oft zu machen sind. Zum Beispiel:<\/p>\n\n\n\n<ul class=\"wp-block-list\">\n<li>Ein <strong>MRT <\/strong>um den genauen Umfang der Verletzung und die betroffenen Bereiche im Gehirn zu ermitteln. Das kann z.B. darauf hindeuten, ob mit einer Beeintr\u00e4chtigung des Sprachzentrums zu rechnen ist.<\/li>\n\n\n\n<li>Auch regelm\u00e4\u00dfige <strong>ophthalmologische Untersuchungen<\/strong> (Augenarzt) sind wichtig<\/li>\n\n\n\n<li><strong>R\u00f6ntgen <\/strong>Untersuchungen der H\u00fcfte, da die H\u00fcfte sich bei Kindern erst richtig ausformt, wenn diese mit dem Stehen beginnen. Bei Kindern mit Entwicklungsverz\u00f6gerung, kann es daher zu Fehlstellungen kommen, denen man so rechtzeitig entgegenwirken kann.<\/li>\n\n\n\n<li>Regelm\u00e4\u00dfige <strong>Kinder Neuro-Orthop\u00e4dische Kontrollen<\/strong> und Abkl\u00e4rung ob orthop\u00e4dische Hilfsmittel gebraucht werden \u2013 so diese nicht im Zuge einer Reha verordnet werden, evt. erg\u00e4nzt durch <strong>Ganganalysen in einem Ganglabor<\/strong>.<\/li>\n\n\n\n<li><strong>EEGs<\/strong> um Epilepsien im Auge zu behalten. Diese kommen bei neurologischen Erkrankungen sehr oft als Begleiterscheinung vor.<\/li>\n\n\n\n<li>Optional eine <strong>genetische Untersuchung, <\/strong>um Gendefekte auszuschlie\u00dfen.<\/li>\n<\/ul>\n\n\n\n<p>Da es in \u00d6sterreich derzeit noch kein neurologisches Kompetenzzentrum und kein Early Intervention Programm f\u00fcr Kinder gibt, ist aus heutiger Sicht ist die <a href=\"https:\/\/www.schoen-klinik.de\/vogtareuth\/fachzentren\/neuropaediatrie-und-kinderneurologie\"><strong><em><mark style=\"background-color:rgba(0, 0, 0, 0);color:#60aaac\" class=\"has-inline-color\">Sch\u00f6n Klinik Vogtareuth<\/mark><\/em><\/strong><\/a> in Bayern die beste Adresse, da dort medizinische Behandlung und Therapie interdisziplin\u00e4r stattfinden und ein Early Intervention Intensiv-Programm bereits ab dem 3. Lebensmonat angeboten wird. Wenn Sie eine Behandlung f\u00fcr Ihr Kind im Ausland anstreben, ben\u00f6tigen Sie die Best\u00e4tigung einer Uniklinik, dass dies notwendig ist und einen S2 Antrag f\u00fcr eine Kosten\u00fcbernahme.<\/p>\n\n\n\n<ul class=\"wp-block-list\">\n<li><a href=\"https:\/\/earlyintervention.at\/de\/beispiel-seite\/\" data-type=\"page\" data-id=\"2\"><strong><em><mark style=\"background-color:rgba(0, 0, 0, 0);color:#60aaac\" class=\"has-inline-color\">Liste aller neurop\u00e4diatrischer Ambulanzen in \u00d6sterreich zur raschen Abkl\u00e4rung<\/mark><\/em><\/strong><\/a>. Alternativ k\u00f6nnen Sie auch einen niedergelassenen Neurop\u00e4diater f\u00fcr eine Zweitmeinung aufsuchen.<\/li>\n\n\n\n<li>Liste aller Kinder-Reha Standorte in \u00d6sterreich, um m\u00f6glichst fr\u00fch mit einer Intensivtherapie zu starten. Aktueller Standard ist bereits ab dem 3. Lebensmonat mit einer Therapie zu beginnen. Ab diesem Alter beginnen sich Kinder f\u00fcr Spielzeug zu interessieren.<\/li>\n\n\n\n<li>Liste der Reha Standorte im benachbarten Ausland<\/li>\n<\/ul>\n\n\n\n<p>Es gibt viele Therapiearten, aber leider noch keinen Standard, wie mit Zerebralparese zu verfahren ist.<\/p>\n\n\n\n<div style=\"height:20px\" aria-hidden=\"true\" class=\"wp-block-spacer\"><\/div>\n\n\n\n<p>Diese <strong>\u201eState of the Evidence Traffic Lights 2019\u201c von Iona Novak et al.<\/strong> \u00dcbersichtsstudie bietet einen evidenzbasierten Leitfaden zur <strong>Pr\u00e4vention und Therapie von Zerebralparese (CP)<\/strong> bei Kindern. Sie analysiert die Wirksamkeit zahlreicher Interventionen anhand eines Ampelsystems und st\u00fctzt sich auf \u00fcber <strong>200 systematische Reviews<\/strong>, die zwischen 2012 und 2019 ver\u00f6ffentlicht wurden.<\/p>\n\n\n\n<p>Die gr\u00fcn markierten Therapiearten sind in dieser Studie als besonders wirksam hervorgegangen.<\/p>\n\n\n\n<figure class=\"wp-block-image size-large\"><img loading=\"lazy\" decoding=\"async\" width=\"869\" height=\"1024\" src=\"https:\/\/earlyintervention.at\/de\/wp-content\/uploads\/2025\/07\/Therapie-Effizienz-Iona-Nowak-869x1024.webp\" alt=\"\" class=\"wp-image-249\" srcset=\"https:\/\/earlyintervention.at\/de\/wp-content\/uploads\/2025\/07\/Therapie-Effizienz-Iona-Nowak-869x1024.webp 869w, https:\/\/earlyintervention.at\/de\/wp-content\/uploads\/2025\/07\/Therapie-Effizienz-Iona-Nowak-254x300.webp 254w, https:\/\/earlyintervention.at\/de\/wp-content\/uploads\/2025\/07\/Therapie-Effizienz-Iona-Nowak-768x905.webp 768w, https:\/\/earlyintervention.at\/de\/wp-content\/uploads\/2025\/07\/Therapie-Effizienz-Iona-Nowak-1303x1536.webp 1303w, https:\/\/earlyintervention.at\/de\/wp-content\/uploads\/2025\/07\/Therapie-Effizienz-Iona-Nowak-1737x2048.webp 1737w\" sizes=\"auto, (max-width: 869px) 100vw, 869px\" \/><\/figure>\n\n\n\n<figure class=\"wp-block-image size-large\"><img loading=\"lazy\" decoding=\"async\" width=\"1024\" height=\"577\" src=\"https:\/\/earlyintervention.at\/de\/wp-content\/uploads\/2025\/07\/Therapie-Effizienz-Iona-Nowak-3-1024x577.webp\" alt=\"\" class=\"wp-image-284\" srcset=\"https:\/\/earlyintervention.at\/de\/wp-content\/uploads\/2025\/07\/Therapie-Effizienz-Iona-Nowak-3-1024x577.webp 1024w, https:\/\/earlyintervention.at\/de\/wp-content\/uploads\/2025\/07\/Therapie-Effizienz-Iona-Nowak-3-300x169.webp 300w, https:\/\/earlyintervention.at\/de\/wp-content\/uploads\/2025\/07\/Therapie-Effizienz-Iona-Nowak-3-768x433.webp 768w, https:\/\/earlyintervention.at\/de\/wp-content\/uploads\/2025\/07\/Therapie-Effizienz-Iona-Nowak-3-1536x865.webp 1536w, https:\/\/earlyintervention.at\/de\/wp-content\/uploads\/2025\/07\/Therapie-Effizienz-Iona-Nowak-3-2048x1154.webp 2048w\" sizes=\"auto, (max-width: 1024px) 100vw, 1024px\" \/><\/figure>\n\n\n\n<p><strong>Quelle und gr\u00f6\u00dfere Aufl\u00f6sung:<\/strong> <a href=\"https:\/\/link.springer.com\/article\/10.1007\/s11910-020-1022-z\/figures\/2\">Figure 2 | State of the Evidence Traffic Lights 2019: Systematic Review of Interventions for Preventing and Treating Children with Cerebral Palsy | Current Neurology and Neuroscience Reports<\/a><\/p>\n\n\n\n<div style=\"height:50px\" aria-hidden=\"true\" class=\"wp-block-spacer\"><\/div>\n\n\n\n<p><\/p>\n\n\n\n<h4 class=\"wp-block-heading is-style-default\"><mark style=\"background-color:rgba(0, 0, 0, 0);color:#60aaac\" class=\"has-inline-color\"><strong>Sie sind die Eltern, nicht die Therapeuten. Behalten Sie das immer im Auge. Ihr Kind muss sich darauf verlassen k\u00f6nnen<\/strong>.<\/mark><\/h4>\n\n\n\n<div style=\"height:20px\" aria-hidden=\"true\" class=\"wp-block-spacer\"><\/div>\n\n\n\n<p><strong>Aber dennoch sind Sie f\u00fcr ein gutes Ergebnis daf\u00fcr verantwortlich, dass bestimmte \u00dcbungen im Alltag wiederholt und damit trainiert werden.<\/strong> Sie als Eltern sind ein wesentlicher Bestandteil in der Therapie Ihres Kindes.<\/p>\n\n\n\n<p><strong>Beobachten Sie die Spiele in der Ergo- und Physiotherapie genau und wiederholen Sie diese \u00dcbungen daheim.<\/strong><\/p>\n\n\n\n<p>F\u00fcr das Erlernen neuer Bewegungsmuster sind etwa 100 bis 300 Wiederholungen notwendig.&nbsp;Um eine falsche Bewegung zu korrigieren, sind oft deutlich mehr, also \u00fcber 3000 Wiederholungen, n\u00f6tig.<\/p>\n\n\n\n<p><strong>Legen Sie einfache \u00dcbungen fest, die Sie in den kommenden Wochen in den Alltag integrieren wollen.<\/strong> Z.B. Schraubbeh\u00e4lter \u00f6ffnen, H\u00e4nde \u00fcber den Kopf heben, mit den F\u00fc\u00dfen etwas Anstupsen, je nach Bewegungsm\u00f6glichkeit Ihres Kindes. Auch ein Baby-Geb\u00e4rdenzeichen, z.B. f\u00fcr Milch k\u00f6nnen ge\u00fcbt werden. Besonders Allt\u00e4gliches kann eine gute \u00dcbung sein, z.B. H\u00e4ndewaschen, Z\u00e4hneputzen, Kleidungsst\u00fccke an- und ausziehen, beim Spielzeug wegr\u00e4umen helfen.<strong> &#8222;Use it &#8211; or loose it&#8220;<\/strong> Wenn Bewegungen nicht ge\u00fcbt werden, wird das Kind einen Alternative entwickeln und keinen Nutzen mehr im Erlernen erkennen.<\/p>\n\n\n\n<p><strong>Das Wachstum ihres Kindes arbeitet gegen Sie<\/strong>. Um Verk\u00fcrzungen und Kontrakturen vorzubeugen, ist Botox und die rechtzeitige Versorgung von Orthesen ihre beste Option. Regelm\u00e4\u00dfiges Dehnen der spastischen Muskeln hat zwar keinen therapeutischen Effekt, gibt aber Aufschluss \u00fcber die Beweglichkeit und eine Ver\u00e4nderung! Lassen Sie sich von ihrem Physiotherapeuten das richtige Dehnen zeigen und machen Sie ein Ritual daraus. Z.B. jedes Mal beim Wickeln, oder in der Fr\u00fch beim Anziehen und abends beim zu Bett gehen.<\/p>\n\n\n\n<p><strong>Auch die Zeit arbeitet gegen Sie<\/strong>, denn bei allen Kindern kommt der Punkt, an dem Sie einfach keine Lust mehr haben, an Therapien teilzunehmen. Dieser Wunsch nach Autonomie ist zu akzeptieren, auch wenn viele es sp\u00e4ter als junge Erwachsene bereuen. Sehen Sie die Zeit bis es so weit ist, als Bewegungskapital, das sie f\u00fcr Ihr Kind ansparen.<\/p>\n\n\n\n<p>Bei Spastiken in den Beinen ist das <strong>Stehen <\/strong>sehr wichtig<strong>, um H\u00fcftproblemen vorzubeugen<\/strong>. Sorgen Sie, wenn notwendig, rechtzeitig f\u00fcr eine Stehhilfe. Wenn ihr Kind gehen kann, sorgen Sie daf\u00fcr, dass es oft bergauf geht, oder im Spiel Dinge schiebt, um die Wadenmuskulatur immer wieder zu dehnen. Besprechen Sie zeitnah eine Versorgung mit Orthesen, um Fehlstellungen wie einem Spitzfu\u00df entgegenzuwirken.<\/p>\n\n\n\n<p>Wenn ihr Kind eine Hemiparese, eine unvollst\u00e4ndige Halbseitenl\u00e4hmung hat, dann kann ein regelm\u00e4\u00dfiger <a href=\"https:\/\/cpteaching.com\/product-category\/test-kits\/?v=5f02f0889301\"><strong>AHA Test<\/strong><\/a><strong>,<\/strong> ein standardisierter Test, der die Funktion der oberen Extremit\u00e4t misst, Aufschluss \u00fcber eine m\u00f6gliche Verbesserung oder Verschlechterung des Bewegungsumfangs geben. AHA Tests k\u00f6nnen von daf\u00fcr zertifizierten Ergo-Therapeuten gemacht werden.<\/p>\n\n\n\n<p><strong>Eine fr\u00fche Unterst\u00fctzung in der motorischen Entwicklung ist wichtig, insbesondere, da kognitive Entwicklung und Sprache mit motorischer Entwicklung einher gehen.<\/strong><\/p>\n\n\n\n<p><strong>\u201eNo TV under three\u201c \u2013 bildschirmfrei bis drei.<\/strong> Versuchen Sie wenn m\u00f6glich Bildschirmzeiten unter 3 Jahren g\u00e4nzlich zu verhindern und ihr Kind so aktiv wie m\u00f6glich einzubinden, um Aufmerksamkeit und soziale Verhaltensmuster zu f\u00f6rdern. Aktuelle MRT Studien an Kindern unter 6 Jahren in den USA weisen nach, dass intensive Handy und Tablet Nutzung eine Verringerung der sogenannten wei\u00dfen Masse zur Folge haben kann. Lesen Sie hierzu die Brochure <a href=\"file:\/\/\/C:\/Users\/mail\/OpenCloud\/nestshared\/Verein%20Early%20Intervention\/Studien\/bildschirmfrei-von-Null-bis-Drei.pdf\"><strong>&#8222;Bildschirmfrei von 0-3&#8220;<\/strong><\/a><\/p>\n\n\n\n<figure class=\"wp-block-image size-full is-resized\"><a href=\"file:\/\/\/C:\/Users\/mail\/OpenCloud\/nestshared\/Verein%20Early%20Intervention\/Studien\/bildschirmfrei-von-Null-bis-Drei.pdf\"><img loading=\"lazy\" decoding=\"async\" width=\"574\" height=\"803\" src=\"https:\/\/earlyintervention.at\/de\/wp-content\/uploads\/2026\/03\/bildschirmfrei-von-0-3.jpg\" alt=\"\" class=\"wp-image-704\" style=\"aspect-ratio:0.7148138779163666;width:207px;height:auto\" srcset=\"https:\/\/earlyintervention.at\/de\/wp-content\/uploads\/2026\/03\/bildschirmfrei-von-0-3.jpg 574w, https:\/\/earlyintervention.at\/de\/wp-content\/uploads\/2026\/03\/bildschirmfrei-von-0-3-214x300.jpg 214w\" sizes=\"auto, (max-width: 574px) 100vw, 574px\" \/><\/a><\/figure>\n\n\n\n<p>Besprechen Sie mit ihren \u00c4rzten, ob eine Nahrungserg\u00e4nzung von <strong>Vitamin B<\/strong> f\u00fcr die Gehirnentwicklung bei Ihrem Kind f\u00f6rderlich sein k\u00f6nnte.<\/p>\n\n\n\n<p><a href=\"https:\/\/www.cptoys.org\/\"><strong><em><mark style=\"background-color:rgba(0, 0, 0, 0);color:#60aaac\" class=\"has-inline-color\">Therapiespielzeug Ideen von CP-Toys<\/mark><\/em><\/strong><\/a><\/p>\n\n\n\n<p><a href=\"https:\/\/www.ergotherapie.at\/therapeutinnen-suche\"><strong><em><mark style=\"background-color:rgba(0, 0, 0, 0);color:#60aaac\" class=\"has-inline-color\">ErgotherapeutInnen finden<\/mark><\/em><\/strong><\/a><\/p>\n\n\n\n<p><a href=\"https:\/\/www.physiotherapie.at\/alterszielgruppen\"><mark style=\"background-color:rgba(0, 0, 0, 0);color:#60aaac\" class=\"has-inline-color\"><strong><em>PhysiotherapeutInnen finden<\/em><\/strong><\/mark><\/a><\/p>\n\n\n\n<p><a href=\"https:\/\/www.docfinder.at\/suche\/kinderneurologe?whatType=search_group&amp;whatId=1d1929c6-406a-427f-98e2-b940423c63d3&amp;userSubmitted=1&amp;originalWhat=Neurop%C3%A4diater\"><em><strong><mark style=\"background-color:rgba(0, 0, 0, 0);color:#60aaac\" class=\"has-inline-color\">Neurop\u00e4diater (Kinderneurologen) in \u00d6sterreich<\/mark><\/strong><\/em><\/a><\/p>\n\n\n\n<p><a href=\"https:\/\/earlyintervention.at\/de\/reha-standorte-fuer-kinder\/\" data-type=\"page\" data-id=\"385\"><strong><em><mark style=\"background-color:rgba(0, 0, 0, 0);color:#60aaac\" class=\"has-inline-color\">Reha Standorte f\u00fcr Kinder<\/mark><\/em><\/strong><\/a><\/p>\n\n\n\n<blockquote class=\"wp-block-quote is-layout-flow wp-block-quote-is-layout-flow\">\n<p>&#8222;Lernen findet dann statt, wenn es Spa\u00df macht&#8220; <\/p>\n<\/blockquote>\n\n\n\n<p><\/p>\n","protected":false},"excerpt":{"rendered":"<p>Ist der erste Schock einmal verdaut, ist der n\u00e4chste Schritt sich mit der neuen Situation vertraut und einen Plan zu machen und ins Handeln zu kommen. Early Intervention, die fr\u00fche und intensive Therapie, um die Neuroplastizit\u00e4t des kindlichen Gehirns noch voll auszun\u00fctzen, ist kein Sprint sondern ein Marathon, der \u00fcber mindestens 3 Jahre geht. Bereiten [&hellip;]<\/p>\n","protected":false},"author":1,"featured_media":0,"parent":0,"menu_order":0,"comment_status":"closed","ping_status":"closed","template":"","meta":{"footnotes":""},"class_list":["post-278","page","type-page","status-publish","hentry"],"_links":{"self":[{"href":"https:\/\/earlyintervention.at\/de\/wp-json\/wp\/v2\/pages\/278","targetHints":{"allow":["GET"]}}],"collection":[{"href":"https:\/\/earlyintervention.at\/de\/wp-json\/wp\/v2\/pages"}],"about":[{"href":"https:\/\/earlyintervention.at\/de\/wp-json\/wp\/v2\/types\/page"}],"author":[{"embeddable":true,"href":"https:\/\/earlyintervention.at\/de\/wp-json\/wp\/v2\/users\/1"}],"replies":[{"embeddable":true,"href":"https:\/\/earlyintervention.at\/de\/wp-json\/wp\/v2\/comments?post=278"}],"version-history":[{"count":37,"href":"https:\/\/earlyintervention.at\/de\/wp-json\/wp\/v2\/pages\/278\/revisions"}],"predecessor-version":[{"id":751,"href":"https:\/\/earlyintervention.at\/de\/wp-json\/wp\/v2\/pages\/278\/revisions\/751"}],"wp:attachment":[{"href":"https:\/\/earlyintervention.at\/de\/wp-json\/wp\/v2\/media?parent=278"}],"curies":[{"name":"wp","href":"https:\/\/api.w.org\/{rel}","templated":true}]}}