{"id":583,"date":"2025-12-08T00:07:20","date_gmt":"2025-12-07T23:07:20","guid":{"rendered":"https:\/\/earlyintervention.at\/de\/?page_id=583"},"modified":"2025-12-22T13:07:49","modified_gmt":"2025-12-22T12:07:49","slug":"statements-von-eltern","status":"publish","type":"page","link":"https:\/\/earlyintervention.at\/de\/statements-von-eltern\/","title":{"rendered":"Statements von Eltern"},"content":{"rendered":"\n<div class=\"wp-block-group alignwide has-global-padding is-layout-constrained wp-block-group-is-layout-constrained\">\n<h3 class=\"wp-block-heading alignwide has-large-font-size\" style=\"line-height:1.2\">Uns eint eine Geschichte. Es vergingen Monate, bis man uns geglaubt hat, wir mussten uns jede Information hart erarbeiten und f\u00fcr notwendige Unterst\u00fctzungen k\u00e4mpfen. Wir brauchen einen Ort, an dem sich Information, Behandlung und Therapie vereinen. Wir brauchen einen Ort der Exzellenz!<\/h3>\n<\/div>\n\n\n\n<div class=\"wp-block-group alignfull has-global-padding is-layout-constrained wp-container-core-group-is-layout-b25ccd55 wp-block-group-is-layout-constrained\" style=\"margin-top:0;margin-bottom:0;padding-top:var(--wp--preset--spacing--50);padding-right:var(--wp--preset--spacing--50);padding-bottom:var(--wp--preset--spacing--50);padding-left:var(--wp--preset--spacing--50)\">\n<div class=\"wp-block-columns alignwide is-layout-flex wp-container-core-columns-is-layout-ff4b9c61 wp-block-columns-is-layout-flex\" style=\"margin-top:0;margin-bottom:0\">\n<div class=\"wp-block-column is-layout-flow wp-container-core-column-is-layout-8a368f38 wp-block-column-is-layout-flow\">\n<figure class=\"wp-block-image size-large is-style-rounded is-style-rounded--1\"><a href=\"https:\/\/earlyintervention.at\/de\/familie-spielhofer\/\"><img loading=\"lazy\" decoding=\"async\" width=\"818\" height=\"1024\" src=\"https:\/\/earlyintervention.at\/de\/wp-content\/uploads\/2025\/08\/Martinz_Spielhofer_Early_Intervention-2025-08-08-at-17.30.32-818x1024.jpg\" alt=\"\" class=\"wp-image-537\" style=\"aspect-ratio:4\/3;object-fit:cover\" srcset=\"https:\/\/earlyintervention.at\/de\/wp-content\/uploads\/2025\/08\/Martinz_Spielhofer_Early_Intervention-2025-08-08-at-17.30.32-818x1024.jpg 818w, https:\/\/earlyintervention.at\/de\/wp-content\/uploads\/2025\/08\/Martinz_Spielhofer_Early_Intervention-2025-08-08-at-17.30.32-240x300.jpg 240w, https:\/\/earlyintervention.at\/de\/wp-content\/uploads\/2025\/08\/Martinz_Spielhofer_Early_Intervention-2025-08-08-at-17.30.32-768x962.jpg 768w, https:\/\/earlyintervention.at\/de\/wp-content\/uploads\/2025\/08\/Martinz_Spielhofer_Early_Intervention-2025-08-08-at-17.30.32-1227x1536.jpg 1227w, https:\/\/earlyintervention.at\/de\/wp-content\/uploads\/2025\/08\/Martinz_Spielhofer_Early_Intervention-2025-08-08-at-17.30.32.jpg 1278w\" sizes=\"auto, (max-width: 818px) 100vw, 818px\" \/><\/a><\/figure>\n\n\n\n<div style=\"height:var(--wp--preset--spacing--50)\" aria-hidden=\"true\" class=\"wp-block-spacer\"><\/div>\n\n\n\n<div style=\"height:var(--wp--preset--spacing--50)\" aria-hidden=\"true\" class=\"wp-block-spacer\"><\/div>\n\n\n\n<figure class=\"wp-block-image size-large is-style-rounded is-style-rounded--2\"><a href=\"https:\/\/earlyintervention.at\/de\/familie-von-luisa-2\/\"><img loading=\"lazy\" decoding=\"async\" width=\"1024\" height=\"751\" src=\"https:\/\/earlyintervention.at\/de\/wp-content\/uploads\/2025\/12\/louisa-z-2-1024x751.jpg\" alt=\"\" class=\"wp-image-663\" style=\"aspect-ratio:3\/4;object-fit:cover\" srcset=\"https:\/\/earlyintervention.at\/de\/wp-content\/uploads\/2025\/12\/louisa-z-2-1024x751.jpg 1024w, https:\/\/earlyintervention.at\/de\/wp-content\/uploads\/2025\/12\/louisa-z-2-300x220.jpg 300w, https:\/\/earlyintervention.at\/de\/wp-content\/uploads\/2025\/12\/louisa-z-2-768x564.jpg 768w, https:\/\/earlyintervention.at\/de\/wp-content\/uploads\/2025\/12\/louisa-z-2-1536x1127.jpg 1536w, https:\/\/earlyintervention.at\/de\/wp-content\/uploads\/2025\/12\/louisa-z-2.jpg 1608w\" sizes=\"auto, (max-width: 1024px) 100vw, 1024px\" \/><\/a><\/figure>\n<\/div>\n\n\n\n<div class=\"wp-block-column is-layout-flow wp-container-core-column-is-layout-8a368f38 wp-block-column-is-layout-flow\">\n<div style=\"height:var(--wp--preset--spacing--50)\" aria-hidden=\"true\" class=\"wp-block-spacer\"><\/div>\n\n\n\n<figure class=\"wp-block-image size-large is-style-rounded is-style-rounded--3\"><a href=\"https:\/\/earlyintervention.at\/de\/familie-rieder\/\"><img loading=\"lazy\" decoding=\"async\" width=\"768\" height=\"1024\" src=\"https:\/\/earlyintervention.at\/de\/wp-content\/uploads\/2025\/12\/Moritz-768x1024.jpg\" alt=\"\" class=\"wp-image-585\" style=\"aspect-ratio:3\/4;object-fit:cover\" srcset=\"https:\/\/earlyintervention.at\/de\/wp-content\/uploads\/2025\/12\/Moritz-768x1024.jpg 768w, https:\/\/earlyintervention.at\/de\/wp-content\/uploads\/2025\/12\/Moritz-225x300.jpg 225w, https:\/\/earlyintervention.at\/de\/wp-content\/uploads\/2025\/12\/Moritz.jpg 972w\" sizes=\"auto, (max-width: 768px) 100vw, 768px\" \/><\/a><\/figure>\n\n\n\n<div style=\"height:var(--wp--preset--spacing--50)\" aria-hidden=\"true\" class=\"wp-block-spacer\"><\/div>\n\n\n\n\n\n\n\n<div style=\"height:var(--wp--preset--spacing--50)\" aria-hidden=\"true\" class=\"wp-block-spacer\"><\/div>\n\n\n<\/div>\n\n\n\n<div class=\"wp-block-column is-layout-flow wp-container-core-column-is-layout-8a368f38 wp-block-column-is-layout-flow\">\n<figure class=\"wp-block-image size-large is-style-rounded is-style-rounded--7\"><a href=\"https:\/\/earlyintervention.at\/de\/familie-von-luisa\/\"><img loading=\"lazy\" decoding=\"async\" width=\"1024\" height=\"698\" src=\"https:\/\/earlyintervention.at\/de\/wp-content\/uploads\/2025\/12\/Luisa-1024x698.jpg\" alt=\"\" class=\"wp-image-586\" style=\"aspect-ratio:1;object-fit:cover\" srcset=\"https:\/\/earlyintervention.at\/de\/wp-content\/uploads\/2025\/12\/Luisa-1024x698.jpg 1024w, https:\/\/earlyintervention.at\/de\/wp-content\/uploads\/2025\/12\/Luisa-300x204.jpg 300w, https:\/\/earlyintervention.at\/de\/wp-content\/uploads\/2025\/12\/Luisa-768x523.jpg 768w, https:\/\/earlyintervention.at\/de\/wp-content\/uploads\/2025\/12\/Luisa-1536x1046.jpg 1536w, https:\/\/earlyintervention.at\/de\/wp-content\/uploads\/2025\/12\/Luisa.jpg 1926w\" sizes=\"auto, (max-width: 1024px) 100vw, 1024px\" \/><\/a><\/figure>\n\n\n\n<div style=\"height:var(--wp--preset--spacing--50)\" aria-hidden=\"true\" class=\"wp-block-spacer\"><\/div>\n\n\n\n<figure class=\"wp-block-image size-full is-style-rounded is-style-rounded--8\"><a href=\"https:\/\/earlyintervention.at\/de\/phelan-mcdermid-gesellschaft\/\"><img loading=\"lazy\" decoding=\"async\" width=\"575\" height=\"291\" src=\"https:\/\/earlyintervention.at\/de\/wp-content\/uploads\/2025\/12\/phelan-1.png\" alt=\"\" class=\"wp-image-628\" style=\"aspect-ratio:16\/9;object-fit:cover\" srcset=\"https:\/\/earlyintervention.at\/de\/wp-content\/uploads\/2025\/12\/phelan-1.png 575w, https:\/\/earlyintervention.at\/de\/wp-content\/uploads\/2025\/12\/phelan-1-300x152.png 300w\" sizes=\"auto, (max-width: 575px) 100vw, 575px\" \/><\/a><\/figure>\n\n\n\n<div style=\"height:var(--wp--preset--spacing--50)\" aria-hidden=\"true\" class=\"wp-block-spacer\"><\/div>\n<\/div>\n\n\n\n<div class=\"wp-block-column is-layout-flow wp-container-core-column-is-layout-8a368f38 wp-block-column-is-layout-flow\">\n<div style=\"height:var(--wp--preset--spacing--50)\" aria-hidden=\"true\" class=\"wp-block-spacer\"><\/div>\n\n\n\n<figure class=\"wp-block-image size-large is-style-rounded is-style-rounded--9\"><a href=\"https:\/\/earlyintervention.at\/de\/dank-dir\/\"><img loading=\"lazy\" decoding=\"async\" width=\"1024\" height=\"640\" src=\"https:\/\/earlyintervention.at\/de\/wp-content\/uploads\/2025\/12\/dank-dir-logo-1-1024x640.png\" alt=\"\" class=\"wp-image-648\" style=\"aspect-ratio:16\/9;object-fit:cover\" srcset=\"https:\/\/earlyintervention.at\/de\/wp-content\/uploads\/2025\/12\/dank-dir-logo-1-1024x640.png 1024w, https:\/\/earlyintervention.at\/de\/wp-content\/uploads\/2025\/12\/dank-dir-logo-1-300x188.png 300w, https:\/\/earlyintervention.at\/de\/wp-content\/uploads\/2025\/12\/dank-dir-logo-1-768x480.png 768w, https:\/\/earlyintervention.at\/de\/wp-content\/uploads\/2025\/12\/dank-dir-logo-1-1536x960.png 1536w, https:\/\/earlyintervention.at\/de\/wp-content\/uploads\/2025\/12\/dank-dir-logo-1.png 1600w\" sizes=\"auto, (max-width: 1024px) 100vw, 1024px\" \/><\/a><\/figure>\n\n\n\n<div style=\"height:var(--wp--preset--spacing--50)\" aria-hidden=\"true\" class=\"wp-block-spacer\"><\/div>\n\n\n\n<figure class=\"wp-block-image size-full is-style-rounded is-style-rounded--10\"><a href=\"https:\/\/earlyintervention.at\/de\/familie-von-lucas\/\" rel=\"https:\/\/earlyintervention.at\/de\/?page_id=620&amp;preview=true\"><img loading=\"lazy\" decoding=\"async\" width=\"779\" height=\"951\" src=\"https:\/\/earlyintervention.at\/de\/wp-content\/uploads\/2025\/12\/lucas-1.jpg\" alt=\"\" class=\"wp-image-622\" style=\"aspect-ratio:3\/4;object-fit:cover\" srcset=\"https:\/\/earlyintervention.at\/de\/wp-content\/uploads\/2025\/12\/lucas-1.jpg 779w, https:\/\/earlyintervention.at\/de\/wp-content\/uploads\/2025\/12\/lucas-1-246x300.jpg 246w, https:\/\/earlyintervention.at\/de\/wp-content\/uploads\/2025\/12\/lucas-1-768x938.jpg 768w\" sizes=\"auto, (max-width: 779px) 100vw, 779px\" \/><\/a><\/figure>\n\n\n\n<div style=\"height:var(--wp--preset--spacing--50)\" aria-hidden=\"true\" class=\"wp-block-spacer\"><\/div>\n\n\n<\/div>\n<\/div>\n<\/div>\n","protected":false},"excerpt":{"rendered":"<p>Uns eint eine Geschichte. Es vergingen Monate, bis man uns geglaubt hat, wir mussten uns jede Information hart erarbeiten und f\u00fcr notwendige Unterst\u00fctzungen k\u00e4mpfen. Wir brauchen einen Ort, an dem sich Information, Behandlung und Therapie vereinen. Wir brauchen einen Ort der Exzellenz!<\/p>\n","protected":false},"author":1,"featured_media":0,"parent":0,"menu_order":0,"comment_status":"closed","ping_status":"closed","template":"","meta":{"footnotes":""},"class_list":["post-583","page","type-page","status-publish","hentry"],"_links":{"self":[{"href":"https:\/\/earlyintervention.at\/de\/wp-json\/wp\/v2\/pages\/583","targetHints":{"allow":["GET"]}}],"collection":[{"href":"https:\/\/earlyintervention.at\/de\/wp-json\/wp\/v2\/pages"}],"about":[{"href":"https:\/\/earlyintervention.at\/de\/wp-json\/wp\/v2\/types\/page"}],"author":[{"embeddable":true,"href":"https:\/\/earlyintervention.at\/de\/wp-json\/wp\/v2\/users\/1"}],"replies":[{"embeddable":true,"href":"https:\/\/earlyintervention.at\/de\/wp-json\/wp\/v2\/comments?post=583"}],"version-history":[{"count":18,"href":"https:\/\/earlyintervention.at\/de\/wp-json\/wp\/v2\/pages\/583\/revisions"}],"predecessor-version":[{"id":665,"href":"https:\/\/earlyintervention.at\/de\/wp-json\/wp\/v2\/pages\/583\/revisions\/665"}],"wp:attachment":[{"href":"https:\/\/earlyintervention.at\/de\/wp-json\/wp\/v2\/media?parent=583"}],"curies":[{"name":"wp","href":"https:\/\/api.w.org\/{rel}","templated":true}]}}