{"id":590,"date":"2025-12-07T23:41:45","date_gmt":"2025-12-07T22:41:45","guid":{"rendered":"https:\/\/earlyintervention.at\/de\/?page_id=590"},"modified":"2025-12-07T23:41:45","modified_gmt":"2025-12-07T22:41:45","slug":"familie-spielhofer","status":"publish","type":"page","link":"https:\/\/earlyintervention.at\/de\/familie-spielhofer\/","title":{"rendered":"Familie Spielhofer"},"content":{"rendered":"\n<div class=\"wp-block-columns is-layout-flex wp-container-core-columns-is-layout-28f84493 wp-block-columns-is-layout-flex\">\n<div class=\"wp-block-column is-layout-flow wp-block-column-is-layout-flow\" style=\"flex-basis:33.33%\">\n<figure class=\"wp-block-image size-large\"><img loading=\"lazy\" decoding=\"async\" width=\"818\" height=\"1024\" src=\"https:\/\/earlyintervention.at\/de\/wp-content\/uploads\/2025\/08\/Martinz_Spielhofer_Early_Intervention-2025-08-08-at-17.30.32-818x1024.jpg\" alt=\"\" class=\"wp-image-537\" srcset=\"https:\/\/earlyintervention.at\/de\/wp-content\/uploads\/2025\/08\/Martinz_Spielhofer_Early_Intervention-2025-08-08-at-17.30.32-818x1024.jpg 818w, https:\/\/earlyintervention.at\/de\/wp-content\/uploads\/2025\/08\/Martinz_Spielhofer_Early_Intervention-2025-08-08-at-17.30.32-240x300.jpg 240w, https:\/\/earlyintervention.at\/de\/wp-content\/uploads\/2025\/08\/Martinz_Spielhofer_Early_Intervention-2025-08-08-at-17.30.32-768x962.jpg 768w, https:\/\/earlyintervention.at\/de\/wp-content\/uploads\/2025\/08\/Martinz_Spielhofer_Early_Intervention-2025-08-08-at-17.30.32-1227x1536.jpg 1227w, https:\/\/earlyintervention.at\/de\/wp-content\/uploads\/2025\/08\/Martinz_Spielhofer_Early_Intervention-2025-08-08-at-17.30.32.jpg 1278w\" sizes=\"auto, (max-width: 818px) 100vw, 818px\" \/><\/figure>\n<\/div>\n\n\n\n<div class=\"wp-block-column is-layout-flow wp-block-column-is-layout-flow\" style=\"flex-basis:66.66%\">\n<p><em><br>\u201eWir k\u00f6nnen best\u00e4tigen, dass es mehrere Stationen ben\u00f6tigt hat, um die Diagnose f\u00fcr unseren Sohn zu erhalten. Ein Zentrum f\u00fcr fr\u00fchzeitige Diagnostik h\u00e4tte auch uns geholfen, fr\u00fchzeitig mit Therapie f\u00fcr unseren Sohn zu beginnen, gerade in den ersten Lebensjahren. Vorbilder in Skandinavien und Deutschland gibt es, das meiste m\u00fcsste nur in \u00d6sterreich etabliert werden. Gerade der interdisziplin\u00e4re Ansatz, den wir in Deutschland bereits kennengelernt haben, fehlt uns hier, w\u00e4re aber f\u00fcr Kinder mit Mehrfachbehinderung, wie unseren Sohn, ein echter Mehrwert. Nur mit speziell abgestimmter Intensiv-Therapie konnten wir bei unserem Sohn wirkliche Fortschritte erzielen.\u201c<\/em><\/p>\n\n\n\n<p><strong>Sandra Martinz, Roland Spielhofer<\/strong><br>Eltern eines Sohnes mit Angelman-Syndrom<\/p>\n\n\n\n<div style=\"height:16px\" aria-hidden=\"true\" class=\"wp-block-spacer\"><\/div>\n\n\n\n<div style=\"height:50px\" aria-hidden=\"true\" class=\"wp-block-spacer\"><\/div>\n\n\n\n<p><\/p>\n<\/div>\n<\/div>\n\n\n\n<p><\/p>\n","protected":false},"excerpt":{"rendered":"<p>\u201eWir k\u00f6nnen best\u00e4tigen, dass es mehrere Stationen ben\u00f6tigt hat, um die Diagnose f\u00fcr unseren Sohn zu erhalten. Ein Zentrum f\u00fcr fr\u00fchzeitige Diagnostik h\u00e4tte auch uns geholfen, fr\u00fchzeitig mit Therapie f\u00fcr unseren Sohn zu beginnen, gerade in den ersten Lebensjahren. Vorbilder in Skandinavien und Deutschland gibt es, das meiste m\u00fcsste nur in \u00d6sterreich etabliert werden. Gerade [&hellip;]<\/p>\n","protected":false},"author":1,"featured_media":0,"parent":0,"menu_order":0,"comment_status":"closed","ping_status":"closed","template":"","meta":{"footnotes":""},"class_list":["post-590","page","type-page","status-publish","hentry"],"_links":{"self":[{"href":"https:\/\/earlyintervention.at\/de\/wp-json\/wp\/v2\/pages\/590","targetHints":{"allow":["GET"]}}],"collection":[{"href":"https:\/\/earlyintervention.at\/de\/wp-json\/wp\/v2\/pages"}],"about":[{"href":"https:\/\/earlyintervention.at\/de\/wp-json\/wp\/v2\/types\/page"}],"author":[{"embeddable":true,"href":"https:\/\/earlyintervention.at\/de\/wp-json\/wp\/v2\/users\/1"}],"replies":[{"embeddable":true,"href":"https:\/\/earlyintervention.at\/de\/wp-json\/wp\/v2\/comments?post=590"}],"version-history":[{"count":3,"href":"https:\/\/earlyintervention.at\/de\/wp-json\/wp\/v2\/pages\/590\/revisions"}],"predecessor-version":[{"id":593,"href":"https:\/\/earlyintervention.at\/de\/wp-json\/wp\/v2\/pages\/590\/revisions\/593"}],"wp:attachment":[{"href":"https:\/\/earlyintervention.at\/de\/wp-json\/wp\/v2\/media?parent=590"}],"curies":[{"name":"wp","href":"https:\/\/api.w.org\/{rel}","templated":true}]}}