{"id":607,"date":"2025-12-08T00:23:01","date_gmt":"2025-12-07T23:23:01","guid":{"rendered":"https:\/\/earlyintervention.at\/de\/?page_id=607"},"modified":"2025-12-15T20:21:37","modified_gmt":"2025-12-15T19:21:37","slug":"phelan-mcdermid-gesellschaft","status":"publish","type":"page","link":"https:\/\/earlyintervention.at\/de\/phelan-mcdermid-gesellschaft\/","title":{"rendered":"Phelan-McDermid-Gesellschaft"},"content":{"rendered":"\n<div class=\"wp-block-columns is-layout-flex wp-container-core-columns-is-layout-28f84493 wp-block-columns-is-layout-flex\">\n<div class=\"wp-block-column is-layout-flow wp-block-column-is-layout-flow\" style=\"flex-basis:33.33%\">\n<figure class=\"wp-block-image size-full\"><img loading=\"lazy\" decoding=\"async\" width=\"988\" height=\"302\" src=\"https:\/\/earlyintervention.at\/de\/wp-content\/uploads\/2025\/12\/Pherlan-McDermid.png\" alt=\"\" class=\"wp-image-609\" srcset=\"https:\/\/earlyintervention.at\/de\/wp-content\/uploads\/2025\/12\/Pherlan-McDermid.png 988w, https:\/\/earlyintervention.at\/de\/wp-content\/uploads\/2025\/12\/Pherlan-McDermid-300x92.png 300w, https:\/\/earlyintervention.at\/de\/wp-content\/uploads\/2025\/12\/Pherlan-McDermid-768x235.png 768w\" sizes=\"auto, (max-width: 988px) 100vw, 988px\" \/><\/figure>\n<\/div>\n\n\n\n<div class=\"wp-block-column is-layout-flow wp-block-column-is-layout-flow\" style=\"flex-basis:66.66%\">\n<p><em><br><\/em><strong>Die Phelan-McDermid-Gesellschaft e.V.<\/strong> (Deutschland \u2013 \u00d6sterreich -Schweiz) unterst\u00fctzt die Initiative zur Gr\u00fcndung eines neurop\u00e4diatrischen Kompetenzzentrums in \u00d6sterreich. Wir\u00a0erleben, dass junge Patient*innen mit neurologischen Erkrankungen, wie z.B.\u00a0dem Phelan-McDermid-Syndrom (PMD), in \u00d6sterreich keine Anlaufstelle mit Expertise finden.<br>Dabei profitieren gerade diese Patien*innen von einer fr\u00fchen und dauerhaften F\u00f6rderung: Nur dadurch k\u00f6nnen Betroffene so viel Selbstbestimmtheit wie m\u00f6glich\u00a0f\u00fcr ihr Leben gewinnen und Folgeerkrankungen k\u00f6nnten vermieden werden. Das setzt aber voraus, dass an einer Stelle Expertise zu dieser seltenen Erkrankung geb\u00fcndelt und dort die betroffenen Kinder und Jugendlichen gezielt behandelt und gef\u00f6rdert werden. Wir w\u00fcnschen uns f\u00fcr unsere \u00f6sterreichischen Familien mit PMD-Betroffenen endlich einen Ort, wo die Europ\u00e4ischen Leitlinien zur Behandlung des Syndroms bekannt sind und umgesetzt werden. Wo Eltern Eltern sein d\u00fcrfen und ihre Kinder in den besten H\u00e4nden wissen.\u00a0<\/p>\n\n\n\n<p>Vorstand der Phelan-McDermid-Gesellschaft e.V<\/p>\n\n\n\n<p><a href=\"http:\/\/www.22q13.info\/\" target=\"_blank\" rel=\"noreferrer noopener\">www.22q13.info<\/a><\/p>\n\n\n\n<p><\/p>\n\n\n\n<div style=\"height:16px\" aria-hidden=\"true\" class=\"wp-block-spacer\"><\/div>\n\n\n\n<div style=\"height:50px\" aria-hidden=\"true\" class=\"wp-block-spacer\"><\/div>\n\n\n\n<p><\/p>\n<\/div>\n<\/div>\n\n\n\n<p><\/p>\n","protected":false},"excerpt":{"rendered":"<p>Die Phelan-McDermid-Gesellschaft e.V. (Deutschland \u2013 \u00d6sterreich -Schweiz) unterst\u00fctzt die Initiative zur Gr\u00fcndung eines neurop\u00e4diatrischen Kompetenzzentrums in \u00d6sterreich. Wir\u00a0erleben, dass junge Patient*innen mit neurologischen Erkrankungen, wie z.B.\u00a0dem Phelan-McDermid-Syndrom (PMD), in \u00d6sterreich keine Anlaufstelle mit Expertise finden.Dabei profitieren gerade diese Patien*innen von einer fr\u00fchen und dauerhaften F\u00f6rderung: Nur dadurch k\u00f6nnen Betroffene so viel Selbstbestimmtheit wie m\u00f6glich\u00a0f\u00fcr ihr [&hellip;]<\/p>\n","protected":false},"author":1,"featured_media":0,"parent":0,"menu_order":0,"comment_status":"closed","ping_status":"closed","template":"","meta":{"footnotes":""},"class_list":["post-607","page","type-page","status-publish","hentry"],"_links":{"self":[{"href":"https:\/\/earlyintervention.at\/de\/wp-json\/wp\/v2\/pages\/607","targetHints":{"allow":["GET"]}}],"collection":[{"href":"https:\/\/earlyintervention.at\/de\/wp-json\/wp\/v2\/pages"}],"about":[{"href":"https:\/\/earlyintervention.at\/de\/wp-json\/wp\/v2\/types\/page"}],"author":[{"embeddable":true,"href":"https:\/\/earlyintervention.at\/de\/wp-json\/wp\/v2\/users\/1"}],"replies":[{"embeddable":true,"href":"https:\/\/earlyintervention.at\/de\/wp-json\/wp\/v2\/comments?post=607"}],"version-history":[{"count":2,"href":"https:\/\/earlyintervention.at\/de\/wp-json\/wp\/v2\/pages\/607\/revisions"}],"predecessor-version":[{"id":632,"href":"https:\/\/earlyintervention.at\/de\/wp-json\/wp\/v2\/pages\/607\/revisions\/632"}],"wp:attachment":[{"href":"https:\/\/earlyintervention.at\/de\/wp-json\/wp\/v2\/media?parent=607"}],"curies":[{"name":"wp","href":"https:\/\/api.w.org\/{rel}","templated":true}]}}