{"id":651,"date":"2025-12-22T12:14:06","date_gmt":"2025-12-22T11:14:06","guid":{"rendered":"https:\/\/earlyintervention.at\/de\/?page_id=651"},"modified":"2025-12-22T12:14:06","modified_gmt":"2025-12-22T11:14:06","slug":"dank-dir","status":"publish","type":"page","link":"https:\/\/earlyintervention.at\/de\/dank-dir\/","title":{"rendered":"Dank Dir!"},"content":{"rendered":"\n<div class=\"wp-block-columns is-layout-flex wp-container-core-columns-is-layout-28f84493 wp-block-columns-is-layout-flex\">\n<div class=\"wp-block-column is-layout-flow wp-block-column-is-layout-flow\" style=\"flex-basis:33.33%\">\n<figure class=\"wp-block-image size-large\"><img loading=\"lazy\" decoding=\"async\" width=\"1024\" height=\"640\" src=\"https:\/\/earlyintervention.at\/de\/wp-content\/uploads\/2025\/12\/dank-dir-logo-2-1024x640.png\" alt=\"\" class=\"wp-image-652\" srcset=\"https:\/\/earlyintervention.at\/de\/wp-content\/uploads\/2025\/12\/dank-dir-logo-2-1024x640.png 1024w, https:\/\/earlyintervention.at\/de\/wp-content\/uploads\/2025\/12\/dank-dir-logo-2-300x188.png 300w, https:\/\/earlyintervention.at\/de\/wp-content\/uploads\/2025\/12\/dank-dir-logo-2-768x480.png 768w, https:\/\/earlyintervention.at\/de\/wp-content\/uploads\/2025\/12\/dank-dir-logo-2-1536x960.png 1536w, https:\/\/earlyintervention.at\/de\/wp-content\/uploads\/2025\/12\/dank-dir-logo-2.png 1600w\" sizes=\"auto, (max-width: 1024px) 100vw, 1024px\" \/><\/figure>\n<\/div>\n\n\n\n<div class=\"wp-block-column is-layout-flow wp-block-column-is-layout-flow\" style=\"flex-basis:66.66%\">\n<p><em><br><\/em>Als DANK DIR! erachten wir Initiativen wie\u00a0<a href=\"http:\/\/earlyintervention.at\/\" target=\"_blank\" rel=\"noreferrer noopener\">earlyintervention.at<\/a>\u00a0als besonders sinnvoll, weil sie dort ansetzen, wo Unterst\u00fctzung den gr\u00f6\u00dften und nachhaltigsten Unterschied macht \u2013 ganz am Anfang. Wir glauben fest daran, dass Hilfe dann am st\u00e4rksten wirkt, wenn sie fr\u00fch beginnt \u2013 behutsam, aufmerksam und auf Augenh\u00f6he. Genau das entspricht auch unserem Antrieb bei DANK DIR!: dort zu unterst\u00fctzen, wo ein rechtzeitiges \u201eDu bist nicht allein\u201c den gesamten Lebensweg eines besonderen Kindes entscheidend ver\u00e4ndern kann.<\/p>\n\n\n\n<p>Mit dankbaren Gr\u00fc\u00dfen,<\/p>\n\n\n\n<p><strong>Johannes Linsbichler<\/strong><\/p>\n\n\n\n<p>Vereinspr\u00e4sident<\/p>\n\n\n\n<div style=\"height:16px\" aria-hidden=\"true\" class=\"wp-block-spacer\"><\/div>\n<\/div>\n<\/div>\n\n\n\n<p><\/p>\n","protected":false},"excerpt":{"rendered":"<p>Als DANK DIR! erachten wir Initiativen wie\u00a0earlyintervention.at\u00a0als besonders sinnvoll, weil sie dort ansetzen, wo Unterst\u00fctzung den gr\u00f6\u00dften und nachhaltigsten Unterschied macht \u2013 ganz am Anfang. Wir glauben fest daran, dass Hilfe dann am st\u00e4rksten wirkt, wenn sie fr\u00fch beginnt \u2013 behutsam, aufmerksam und auf Augenh\u00f6he. Genau das entspricht auch unserem Antrieb bei DANK DIR!: dort [&hellip;]<\/p>\n","protected":false},"author":1,"featured_media":0,"parent":0,"menu_order":0,"comment_status":"closed","ping_status":"closed","template":"","meta":{"footnotes":""},"class_list":["post-651","page","type-page","status-publish","hentry"],"_links":{"self":[{"href":"https:\/\/earlyintervention.at\/de\/wp-json\/wp\/v2\/pages\/651","targetHints":{"allow":["GET"]}}],"collection":[{"href":"https:\/\/earlyintervention.at\/de\/wp-json\/wp\/v2\/pages"}],"about":[{"href":"https:\/\/earlyintervention.at\/de\/wp-json\/wp\/v2\/types\/page"}],"author":[{"embeddable":true,"href":"https:\/\/earlyintervention.at\/de\/wp-json\/wp\/v2\/users\/1"}],"replies":[{"embeddable":true,"href":"https:\/\/earlyintervention.at\/de\/wp-json\/wp\/v2\/comments?post=651"}],"version-history":[{"count":2,"href":"https:\/\/earlyintervention.at\/de\/wp-json\/wp\/v2\/pages\/651\/revisions"}],"predecessor-version":[{"id":655,"href":"https:\/\/earlyintervention.at\/de\/wp-json\/wp\/v2\/pages\/651\/revisions\/655"}],"wp:attachment":[{"href":"https:\/\/earlyintervention.at\/de\/wp-json\/wp\/v2\/media?parent=651"}],"curies":[{"name":"wp","href":"https:\/\/api.w.org\/{rel}","templated":true}]}}