{"id":707,"date":"2026-03-08T23:14:22","date_gmt":"2026-03-08T22:14:22","guid":{"rendered":"https:\/\/earlyintervention.at\/de\/?page_id=707"},"modified":"2026-03-09T08:49:16","modified_gmt":"2026-03-09T07:49:16","slug":"spenden","status":"publish","type":"page","link":"https:\/\/earlyintervention.at\/de\/spenden\/","title":{"rendered":"Unterst\u00fctzen Sie uns!"},"content":{"rendered":"\n<div class=\"wp-block-cover alignfull has-parallax wp-duotone-unset-1\" style=\"border-style:none;border-width:0px;border-top-left-radius:0px;border-top-right-radius:0px;border-bottom-left-radius:0px;border-bottom-right-radius:0px;margin-top:0;margin-bottom:0;padding-top:var(--wp--preset--spacing--30);padding-right:var(--wp--preset--spacing--20);padding-bottom:var(--wp--preset--spacing--30);padding-left:var(--wp--preset--spacing--20);aspect-ratio:unset;\"><div class=\"wp-block-cover__image-background wp-image-732 size-full has-parallax\" style=\"background-position:50% 50%;background-image:url(https:\/\/earlyintervention.at\/de\/wp-content\/uploads\/2026\/03\/spiele-still5.jpg)\"><\/div><span aria-hidden=\"true\" class=\"wp-block-cover__background has-background-dim-60 has-background-dim wp-block-cover__gradient-background has-background-gradient\" style=\"background:linear-gradient(180deg,rgb(0,0,0) 1%,rgba(255,255,255,0.28) 24%,rgb(249,249,249) 100%)\"><\/span><div class=\"wp-block-cover__inner-container is-layout-flow wp-container-core-cover-is-layout-47e8c085 wp-block-cover-is-layout-flow\">\n<div class=\"wp-block-columns is-layout-flex wp-container-core-columns-is-layout-ec2e7a44 wp-block-columns-is-layout-flex\" style=\"padding-top:0;padding-bottom:0\">\n<div class=\"wp-block-column is-layout-flow wp-block-column-is-layout-flow\">\n<p style=\"font-size:clamp(0.984rem, 0.984rem + ((1vw - 0.2rem) * 0.86), 1.5rem);\">Mit Ihrer Hilfe f\u00f6rdern wir die fr\u00fche Intervention in \u00d6sterreich<\/p>\n\n\n\n<p class=\"has-base-2-color has-text-color has-link-color has-xx-large-font-size wp-elements-99333b15973c7ecc3487e37aefeadcaf\">Gemeinsam ein<br>neurop\u00e4diatrisches<br>Kompetenzzentrum erschaffen<\/p>\n<\/div>\n\n\n\n<div class=\"wp-block-column is-layout-flow wp-container-core-column-is-layout-b2a27621 wp-block-column-is-layout-flow\" style=\"padding-top:0;padding-right:0;padding-bottom:0;padding-left:0\">\n<script type=\"text\/javascript\" src=\"https:\/\/secure.fundraisingbox.com\/app\/paymentJS?hash=vohizzj7lwhnmzp5\"><\/script><noscript>Bitte Javascript aktivieren<\/noscript><a target=\"_blank\" href=\"https:\/\/www.fundraisingbox.com\/?utm_source=donation_form\"><img decoding=\"async\" border=\"0\" style=\"border: 0 !important\" src=\"https:\/\/secure.fundraisingbox.com\/images\/FundraisingBox-Logo-Widget.png\" alt=\"FundraisingBox Logo\" \/><\/a>\n<\/div>\n<\/div>\n<\/div><\/div>\n","protected":false},"excerpt":{"rendered":"","protected":false},"author":1,"featured_media":0,"parent":0,"menu_order":0,"comment_status":"closed","ping_status":"closed","template":"","meta":{"footnotes":""},"class_list":["post-707","page","type-page","status-publish","hentry"],"_links":{"self":[{"href":"https:\/\/earlyintervention.at\/de\/wp-json\/wp\/v2\/pages\/707","targetHints":{"allow":["GET"]}}],"collection":[{"href":"https:\/\/earlyintervention.at\/de\/wp-json\/wp\/v2\/pages"}],"about":[{"href":"https:\/\/earlyintervention.at\/de\/wp-json\/wp\/v2\/types\/page"}],"author":[{"embeddable":true,"href":"https:\/\/earlyintervention.at\/de\/wp-json\/wp\/v2\/users\/1"}],"replies":[{"embeddable":true,"href":"https:\/\/earlyintervention.at\/de\/wp-json\/wp\/v2\/comments?post=707"}],"version-history":[{"count":14,"href":"https:\/\/earlyintervention.at\/de\/wp-json\/wp\/v2\/pages\/707\/revisions"}],"predecessor-version":[{"id":733,"href":"https:\/\/earlyintervention.at\/de\/wp-json\/wp\/v2\/pages\/707\/revisions\/733"}],"wp:attachment":[{"href":"https:\/\/earlyintervention.at\/de\/wp-json\/wp\/v2\/media?parent=707"}],"curies":[{"name":"wp","href":"https:\/\/api.w.org\/{rel}","templated":true}]}}